{"id":30,"date":"2025-08-28T00:08:17","date_gmt":"2025-08-28T00:08:17","guid":{"rendered":"https:\/\/ingenieriaruta5.cl\/?page_id=30"},"modified":"2025-08-28T00:17:20","modified_gmt":"2025-08-28T00:17:20","slug":"ruta5-2","status":"publish","type":"page","link":"https:\/\/ingenieriaruta5.cl\/","title":{"rendered":"ruta5"},"content":{"rendered":"\t\t<div data-elementor-type=\"wp-page\" data-elementor-id=\"30\" class=\"elementor elementor-30\">\n\t\t\t\t\t\t<section class=\"elementor-section elementor-top-section elementor-element elementor-element-5409a846 elementor-section-height-min-height elementor-section-boxed elementor-section-height-default elementor-section-items-middle\" data-id=\"5409a846\" data-element_type=\"section\" data-settings=\"{&quot;background_background&quot;:&quot;gradient&quot;}\">\n\t\t\t\t\t\t<div class=\"elementor-container elementor-column-gap-default\">\n\t\t\t\t\t<div class=\"elementor-column elementor-col-60 elementor-top-column elementor-element elementor-element-7f6d8c8a\" data-id=\"7f6d8c8a\" data-element_type=\"column\">\n\t\t\t<div class=\"elementor-widget-wrap elementor-element-populated\">\n\t\t\t\t\t\t<div class=\"elementor-element elementor-element-65459ac8 elementor-widget elementor-widget-image\" data-id=\"65459ac8\" data-element_type=\"widget\" data-widget_type=\"image.default\">\n\t\t\t\t\t\t\t\t\t\t\t\t\t\t\t<img fetchpriority=\"high\" decoding=\"async\" width=\"436\" height=\"127\" src=\"https:\/\/ingenieriaruta5.cl\/wp-content\/uploads\/2025\/08\/logo.jpg\" class=\"attachment-full size-full wp-image-70\" alt=\"\" srcset=\"https:\/\/ingenieriaruta5.cl\/wp-content\/uploads\/2025\/08\/logo.jpg 436w, https:\/\/ingenieriaruta5.cl\/wp-content\/uploads\/2025\/08\/logo-300x87.jpg 300w\" sizes=\"(max-width: 436px) 100vw, 436px\" \/>\t\t\t\t\t\t\t\t\t\t\t\t\t\t\t<\/div>\n\t\t\t\t<div class=\"elementor-element elementor-element-2f6bc78a elementor-widget elementor-widget-heading\" data-id=\"2f6bc78a\" data-element_type=\"widget\" data-widget_type=\"heading.default\">\n\t\t\t\t\t<h1 class=\"elementor-heading-title elementor-size-default\">Ruta 5 Ingenier\u00eda Ltda.<\/h1>\t\t\t\t<\/div>\n\t\t\t\t<div class=\"elementor-element elementor-element-4eaac466 elementor-widget elementor-widget-text-editor\" data-id=\"4eaac466\" data-element_type=\"widget\" data-widget_type=\"text-editor.default\">\n\t\t\t\t\t\t\t\t\t<p>Ingenier\u00eda aplicada a Transporte y Gesti\u00f3n de Tr\u00e1nsito. Soluciones pr\u00e1cticas e innovadoras con excelencia t\u00e9cnica y metodolog\u00eda sustentable.<\/p>\t\t\t\t\t\t\t\t<\/div>\n\t\t\t\t<section class=\"elementor-section elementor-inner-section elementor-element elementor-element-634c7ab1 elementor-section-boxed elementor-section-height-default elementor-section-height-default\" data-id=\"634c7ab1\" data-element_type=\"section\">\n\t\t\t\t\t\t<div class=\"elementor-container elementor-column-gap-default\">\n\t\t\t\t\t<div class=\"elementor-column elementor-col-100 elementor-top-column elementor-element elementor-element-78d1940f\" data-id=\"78d1940f\" data-element_type=\"column\">\n\t\t\t<div class=\"elementor-widget-wrap elementor-element-populated\">\n\t\t\t\t\t\t<div class=\"elementor-element elementor-element-11021d45 elementor-widget elementor-widget-button\" data-id=\"11021d45\" data-element_type=\"widget\" data-widget_type=\"button.default\">\n\t\t\t\t\t\t\t\t\t\t<a class=\"elementor-button elementor-button-link elementor-size-md\" href=\"#servicios\">\n\t\t\t\t\t\t<span class=\"elementor-button-content-wrapper\">\n\t\t\t\t\t\t\t\t\t<span class=\"elementor-button-text\">Ver servicios<\/span>\n\t\t\t\t\t<\/span>\n\t\t\t\t\t<\/a>\n\t\t\t\t\t\t\t\t<\/div>\n\t\t\t\t<div class=\"elementor-element elementor-element-43ccafb0 elementor-widget elementor-widget-button\" data-id=\"43ccafb0\" data-element_type=\"widget\" data-widget_type=\"button.default\">\n\t\t\t\t\t\t\t\t\t\t<a class=\"elementor-button elementor-button-link elementor-size-md\" href=\"#contacto\">\n\t\t\t\t\t\t<span class=\"elementor-button-content-wrapper\">\n\t\t\t\t\t\t\t\t\t<span class=\"elementor-button-text\">Cont\u00e1ctanos<\/span>\n\t\t\t\t\t<\/span>\n\t\t\t\t\t<\/a>\n\t\t\t\t\t\t\t\t<\/div>\n\t\t\t\t\t<\/div>\n\t\t<\/div>\n\t\t\t\t\t<\/div>\n\t\t<\/section>\n\t\t\t\t\t<\/div>\n\t\t<\/div>\n\t\t\t\t<div class=\"elementor-column elementor-col-40 elementor-top-column elementor-element elementor-element-5dfb955a\" data-id=\"5dfb955a\" data-element_type=\"column\">\n\t\t\t<div class=\"elementor-widget-wrap elementor-element-populated\">\n\t\t\t\t\t\t<div class=\"elementor-element elementor-element-58732ebb elementor-widget elementor-widget-heading\" data-id=\"58732ebb\" data-element_type=\"widget\" data-widget_type=\"heading.default\">\n\t\t\t\t\t<h3 class=\"elementor-heading-title elementor-size-default\">Datos r\u00e1pidos<\/h3>\t\t\t\t<\/div>\n\t\t\t\t<div class=\"elementor-element elementor-element-908f7f4 elementor-widget elementor-widget-text-editor\" data-id=\"908f7f4\" data-element_type=\"widget\" data-widget_type=\"text-editor.default\">\n\t\t\t\t\t\t\t\t\t<ul><li>Auditor\u00eda de Seguridad Vial<\/li><li>EISTU \/ EIV<\/li><li>Laboratorio de Se\u00f1alizaci\u00f3n<\/li><\/ul>\t\t\t\t\t\t\t\t<\/div>\n\t\t\t\t\t<\/div>\n\t\t<\/div>\n\t\t\t\t\t<\/div>\n\t\t<\/section>\n\t\t\t\t<section class=\"elementor-section elementor-top-section elementor-element elementor-element-257fb871 elementor-section-boxed elementor-section-height-default elementor-section-height-default\" data-id=\"257fb871\" data-element_type=\"section\">\n\t\t\t\t\t\t<div class=\"elementor-container elementor-column-gap-default\">\n\t\t\t\t\t<div class=\"elementor-column elementor-col-50 elementor-top-column elementor-element elementor-element-361133ce\" data-id=\"361133ce\" data-element_type=\"column\">\n\t\t\t<div class=\"elementor-widget-wrap elementor-element-populated\">\n\t\t\t\t\t\t<div class=\"elementor-element elementor-element-763a61af elementor-widget elementor-widget-heading\" data-id=\"763a61af\" data-element_type=\"widget\" data-widget_type=\"heading.default\">\n\t\t\t\t\t<h2 class=\"elementor-heading-title elementor-size-default\">Misi\u00f3n<\/h2>\t\t\t\t<\/div>\n\t\t\t\t<div class=\"elementor-element elementor-element-4dd3d2f7 elementor-widget elementor-widget-text-editor\" data-id=\"4dd3d2f7\" data-element_type=\"widget\" data-widget_type=\"text-editor.default\">\n\t\t\t\t\t\t\t\t\tPrestar un servicio personalizado a nuestros clientes, satisfaci\u00e9ndolos mediante la excelencia t\u00e9cnica, proponiendo soluciones acordes a sus necesidades, caracterizadas por ser pr\u00e1cticas e innovadoras en el amplio campo de la ingenier\u00eda de tr\u00e1nsito, apoyadas en metodolog\u00eda y tecnolog\u00eda sustentables en el tiempo.\t\t\t\t\t\t\t\t<\/div>\n\t\t\t\t\t<\/div>\n\t\t<\/div>\n\t\t\t\t<div class=\"elementor-column elementor-col-50 elementor-top-column elementor-element elementor-element-4996fddb\" data-id=\"4996fddb\" data-element_type=\"column\">\n\t\t\t<div class=\"elementor-widget-wrap elementor-element-populated\">\n\t\t\t\t\t\t<div class=\"elementor-element elementor-element-4efe51eb elementor-widget elementor-widget-heading\" data-id=\"4efe51eb\" data-element_type=\"widget\" data-widget_type=\"heading.default\">\n\t\t\t\t\t<h2 class=\"elementor-heading-title elementor-size-default\">Visi\u00f3n<\/h2>\t\t\t\t<\/div>\n\t\t\t\t<div class=\"elementor-element elementor-element-6ad14a60 elementor-widget elementor-widget-text-editor\" data-id=\"6ad14a60\" data-element_type=\"widget\" data-widget_type=\"text-editor.default\">\n\t\t\t\t\t\t\t\t\tHacer de <strong>Ruta 5 Ingenier\u00eda Ltda.<\/strong> una empresa s\u00f3lida con principios basados en la excelencia profesional y transparencia, generadora de acciones y proyectos de alta calidad t\u00e9cnica que motiven y resuelvan las necesidades de nuestros clientes, bajo la premisa de reducir accidentes de tr\u00e1nsito y optimizar recursos.\t\t\t\t\t\t\t\t<\/div>\n\t\t\t\t\t<\/div>\n\t\t<\/div>\n\t\t\t\t\t<\/div>\n\t\t<\/section>\n\t\t\t\t<section class=\"elementor-section elementor-top-section elementor-element elementor-element-1959d5a6 elementor-section-boxed elementor-section-height-default elementor-section-height-default\" data-id=\"1959d5a6\" data-element_type=\"section\">\n\t\t\t\t\t\t<div class=\"elementor-container elementor-column-gap-default\">\n\t\t\t\t\t<div class=\"elementor-column elementor-col-100 elementor-top-column elementor-element elementor-element-6b9ea10b\" data-id=\"6b9ea10b\" data-element_type=\"column\">\n\t\t\t<div class=\"elementor-widget-wrap elementor-element-populated\">\n\t\t\t\t\t\t<div class=\"elementor-element elementor-element-72164db7 elementor-widget elementor-widget-heading\" data-id=\"72164db7\" data-element_type=\"widget\" data-widget_type=\"heading.default\">\n\t\t\t\t\t<h2 class=\"elementor-heading-title elementor-size-default\">Servicios<\/h2>\t\t\t\t<\/div>\n\t\t\t\t<div class=\"elementor-element elementor-element-44207c1c elementor-widget elementor-widget-image\" data-id=\"44207c1c\" data-element_type=\"widget\" data-widget_type=\"image.default\">\n\t\t\t\t\t\t\t\t\t\t\t\t\t\t\t<img decoding=\"async\" width=\"412\" height=\"196\" src=\"https:\/\/ingenieriaruta5.cl\/wp-content\/uploads\/2025\/08\/image7.png\" class=\"attachment-full size-full wp-image-39\" alt=\"\" srcset=\"https:\/\/ingenieriaruta5.cl\/wp-content\/uploads\/2025\/08\/image7.png 412w, https:\/\/ingenieriaruta5.cl\/wp-content\/uploads\/2025\/08\/image7-300x143.png 300w\" sizes=\"(max-width: 412px) 100vw, 412px\" \/>\t\t\t\t\t\t\t\t\t\t\t\t\t\t\t<\/div>\n\t\t\t\t\t<\/div>\n\t\t<\/div>\n\t\t\t\t\t<\/div>\n\t\t<\/section>\n\t\t\t\t<section class=\"elementor-section elementor-top-section elementor-element elementor-element-2c5b1cf3 elementor-section-boxed elementor-section-height-default elementor-section-height-default\" data-id=\"2c5b1cf3\" data-element_type=\"section\">\n\t\t\t\t\t\t<div class=\"elementor-container elementor-column-gap-default\">\n\t\t\t\t\t<div class=\"elementor-column elementor-col-50 elementor-top-column elementor-element elementor-element-150d7eae\" data-id=\"150d7eae\" data-element_type=\"column\">\n\t\t\t<div class=\"elementor-widget-wrap elementor-element-populated\">\n\t\t\t\t\t\t<div class=\"elementor-element elementor-element-1cf0480a elementor-widget elementor-widget-heading\" data-id=\"1cf0480a\" data-element_type=\"widget\" data-widget_type=\"heading.default\">\n\t\t\t\t\t<h3 class=\"elementor-heading-title elementor-size-default\">1) Estudios de Ingenier\u00eda de Tr\u00e1nsito<\/h3>\t\t\t\t<\/div>\n\t\t\t\t<div class=\"elementor-element elementor-element-2bcac516 elementor-widget elementor-widget-text-editor\" data-id=\"2bcac516\" data-element_type=\"widget\" data-widget_type=\"text-editor.default\">\n\t\t\t\t\t\t\t\t\t<ul><li>Auditor\u00eda de Seguridad Vial<\/li><li>Tratamientos de puntos negros<\/li><li>Justificaci\u00f3n de sem\u00e1foros<\/li><li>Estudios de velocidad y estacionamientos<\/li><li>Factibilidad de ciclov\u00edas y peatonales<\/li><li>Investigaci\u00f3n de accidentes viales<\/li><li>Dise\u00f1o y gesti\u00f3n vial<\/li><li>Proyectos de plazas de peaje, pesaje y \u00e1reas de servicio<\/li><li>Inventarios\/catastros de infraestructura vial<\/li><\/ul>\t\t\t\t\t\t\t\t<\/div>\n\t\t\t\t\t<\/div>\n\t\t<\/div>\n\t\t\t\t<div class=\"elementor-column elementor-col-50 elementor-top-column elementor-element elementor-element-7bf690c1\" data-id=\"7bf690c1\" data-element_type=\"column\">\n\t\t\t<div class=\"elementor-widget-wrap elementor-element-populated\">\n\t\t\t\t\t\t<div class=\"elementor-element elementor-element-44040e35 elementor-widget elementor-widget-heading\" data-id=\"44040e35\" data-element_type=\"widget\" data-widget_type=\"heading.default\">\n\t\t\t\t\t<h3 class=\"elementor-heading-title elementor-size-default\">2) Estudios de Ingenier\u00eda en Transporte<\/h3>\t\t\t\t<\/div>\n\t\t\t\t<div class=\"elementor-element elementor-element-2e1105ce elementor-widget elementor-widget-text-editor\" data-id=\"2e1105ce\" data-element_type=\"widget\" data-widget_type=\"text-editor.default\">\n\t\t\t\t\t\t\t\t\t<ul><li>Estudios de Impacto sobre el Sistema de Transporte Urbano (EISTU)<\/li><li>Estudios de Impacto Vial (EIV)<\/li><li>Estudios de acceso y de ruta (transportes especiales)<\/li><li>Estudios base y de demanda de transporte\/capacidad<\/li><li>Periodizaciones, modelaciones, optimizaciones y sinton\u00eda fina<\/li><li>Implementaci\u00f3n de medidas de mitigaci\u00f3n<\/li><li>Proyectos de pavimentaci\u00f3n<\/li><\/ul><p><em>Programas utilizados:<\/em> SIDRA, TRANSYT, SATURN, GETRAM, ESTRAUS, AutoCAD, TransCAD, ArcGIS, ArcView, Google Earth.<\/p>\t\t\t\t\t\t\t\t<\/div>\n\t\t\t\t\t<\/div>\n\t\t<\/div>\n\t\t\t\t<div class=\"elementor-column elementor-col-50 elementor-top-column elementor-element elementor-element-4bf8e519\" data-id=\"4bf8e519\" data-element_type=\"column\">\n\t\t\t<div class=\"elementor-widget-wrap elementor-element-populated\">\n\t\t\t\t\t\t<div class=\"elementor-element elementor-element-6c1233fd elementor-widget elementor-widget-heading\" data-id=\"6c1233fd\" data-element_type=\"widget\" data-widget_type=\"heading.default\">\n\t\t\t\t\t<h3 class=\"elementor-heading-title elementor-size-default\">3) Laboratorio (resumen)<\/h3>\t\t\t\t<\/div>\n\t\t\t\t<div class=\"elementor-element elementor-element-1c7ca4fe elementor-widget elementor-widget-text-editor\" data-id=\"1c7ca4fe\" data-element_type=\"widget\" data-widget_type=\"text-editor.default\">\n\t\t\t\t\t\t\t\t\t<p>Evaluamos el cumplimiento de requisitos b\u00e1sicos de la se\u00f1alizaci\u00f3n vial (horizontal y vertical) con personal entrenado y equipos calibrados seg\u00fan normativa nacional.<\/p><ul><li>Retrorreflexi\u00f3n<\/li><li>Colorimetr\u00eda<\/li><li>Espesores<\/li><li>Adherencia<\/li><li>Resistencia al deslizamiento<\/li><\/ul>\t\t\t\t\t\t\t\t<\/div>\n\t\t\t\t\t<\/div>\n\t\t<\/div>\n\t\t\t\t\t<\/div>\n\t\t<\/section>\n\t\t\t\t<section class=\"elementor-section elementor-top-section elementor-element elementor-element-2bb846e7 elementor-section-boxed elementor-section-height-default elementor-section-height-default\" data-id=\"2bb846e7\" data-element_type=\"section\">\n\t\t\t\t\t\t<div class=\"elementor-container elementor-column-gap-default\">\n\t\t\t\t\t<div class=\"elementor-column elementor-col-50 elementor-top-column elementor-element elementor-element-1a5da65e\" data-id=\"1a5da65e\" data-element_type=\"column\">\n\t\t\t<div class=\"elementor-widget-wrap elementor-element-populated\">\n\t\t\t\t\t\t<div class=\"elementor-element elementor-element-42327691 elementor-widget elementor-widget-image\" data-id=\"42327691\" data-element_type=\"widget\" data-widget_type=\"image.default\">\n\t\t\t\t\t\t\t\t\t\t\t\t\t\t\t<img decoding=\"async\" width=\"289\" height=\"216\" src=\"https:\/\/ingenieriaruta5.cl\/wp-content\/uploads\/2025\/08\/image35.jpeg\" class=\"attachment-full size-full wp-image-67\" alt=\"\" \/>\t\t\t\t\t\t\t\t\t\t\t\t\t\t\t<\/div>\n\t\t\t\t\t<\/div>\n\t\t<\/div>\n\t\t\t\t<div class=\"elementor-column elementor-col-50 elementor-top-column elementor-element elementor-element-1300740b\" data-id=\"1300740b\" data-element_type=\"column\">\n\t\t\t<div class=\"elementor-widget-wrap elementor-element-populated\">\n\t\t\t\t\t\t<div class=\"elementor-element elementor-element-5ec118c7 elementor-widget elementor-widget-heading\" data-id=\"5ec118c7\" data-element_type=\"widget\" data-widget_type=\"heading.default\">\n\t\t\t\t\t<h2 class=\"elementor-heading-title elementor-size-default\">Laboratorio de Seguridad Vial<\/h2>\t\t\t\t<\/div>\n\t\t\t\t<div class=\"elementor-element elementor-element-7ef6d6c7 elementor-widget elementor-widget-text-editor\" data-id=\"7ef6d6c7\" data-element_type=\"widget\" data-widget_type=\"text-editor.default\">\n\t\t\t\t\t\t\t\t\t<p>Ensayos y mediciones para asegurar la calidad y conformidad de la se\u00f1alizaci\u00f3n vial.<\/p><ul><li>Retrorreflexi\u00f3n<\/li><li>Colorimetr\u00eda<\/li><li>Espesores<\/li><li>Adherencia<\/li><li>Resistencia al deslizamiento<\/li><\/ul>\t\t\t\t\t\t\t\t<\/div>\n\t\t\t\t\t<\/div>\n\t\t<\/div>\n\t\t\t\t\t<\/div>\n\t\t<\/section>\n\t\t\t\t<section class=\"elementor-section elementor-top-section elementor-element elementor-element-320494b4 elementor-section-boxed elementor-section-height-default elementor-section-height-default\" data-id=\"320494b4\" data-element_type=\"section\">\n\t\t\t\t\t\t<div class=\"elementor-container elementor-column-gap-default\">\n\t\t\t\t\t<div class=\"elementor-column elementor-col-50 elementor-top-column elementor-element elementor-element-379db12c\" data-id=\"379db12c\" data-element_type=\"column\">\n\t\t\t<div class=\"elementor-widget-wrap elementor-element-populated\">\n\t\t\t\t\t\t<div class=\"elementor-element elementor-element-5ade6595 elementor-widget elementor-widget-heading\" data-id=\"5ade6595\" data-element_type=\"widget\" data-widget_type=\"heading.default\">\n\t\t\t\t\t<h2 class=\"elementor-heading-title elementor-size-default\">Contacto<\/h2>\t\t\t\t<\/div>\n\t\t\t\t<div class=\"elementor-element elementor-element-206b5645 elementor-widget elementor-widget-text-editor\" data-id=\"206b5645\" data-element_type=\"widget\" data-widget_type=\"text-editor.default\">\n\t\t\t\t\t\t\t\t\t<p><br \/>Web: <a href=\"https:\/\/ingenieriaruta5.cl\/\" target=\"_blank\" rel=\"noopener\">ingenieriaruta5.cl<\/a><\/p>\t\t\t\t\t\t\t\t<\/div>\n\t\t\t\t\t<\/div>\n\t\t<\/div>\n\t\t\t\t<div class=\"elementor-column elementor-col-50 elementor-top-column elementor-element elementor-element-45cb47d5\" data-id=\"45cb47d5\" data-element_type=\"column\">\n\t\t\t<div class=\"elementor-widget-wrap elementor-element-populated\">\n\t\t\t\t\t\t<div class=\"elementor-element elementor-element-5e530326 elementor-widget elementor-widget-text-editor\" data-id=\"5e530326\" data-element_type=\"widget\" data-widget_type=\"text-editor.default\">\n\t\t\t\t\t\t\t\t\t<p><strong>Correo general:<\/strong> <a href='mailto:contacto@ingenieriaruta5.cl'>contacto@ingenieriaruta5.cl<\/a><br><strong>Gerencia de Operaciones:<\/strong> Pablo Mu\u00f1oz Elizondo \u2014 <a href='mailto:pablom@ingenieriaruta5.cl'>pablom@ingenieriaruta5.cl<\/a><br><strong>M\u00f3vil:<\/strong> +56930860771<\/p>\t\t\t\t\t\t\t\t<\/div>\n\t\t\t\t<div class=\"elementor-element elementor-element-1424b57c elementor-widget elementor-widget-button\" data-id=\"1424b57c\" data-element_type=\"widget\" data-widget_type=\"button.default\">\n\t\t\t\t\t\t\t\t\t\t<a class=\"elementor-button elementor-button-link elementor-size-md\" href=\"http:\/\/URL-DEL-PDF\">\n\t\t\t\t\t\t<span class=\"elementor-button-content-wrapper\">\n\t\t\t\t\t\t\t\t\t<span class=\"elementor-button-text\">Descargar brochure (PDF)<\/span>\n\t\t\t\t\t<\/span>\n\t\t\t\t\t<\/a>\n\t\t\t\t\t\t\t\t<\/div>\n\t\t\t\t\t<\/div>\n\t\t<\/div>\n\t\t\t\t\t<\/div>\n\t\t<\/section>\n\t\t\t\t<\/div>\n\t\t","protected":false},"excerpt":{"rendered":"<p>Ruta 5 Ingenier\u00eda Ltda. Ingenier\u00eda aplicada a Transporte y Gesti\u00f3n de Tr\u00e1nsito. Soluciones pr\u00e1cticas e innovadoras con excelencia t\u00e9cnica y metodolog\u00eda sustentable. Ver servicios Cont\u00e1ctanos Datos r\u00e1pidos Auditor\u00eda de Seguridad Vial EISTU \/ EIV Laboratorio de Se\u00f1alizaci\u00f3n Misi\u00f3n Prestar un servicio personalizado a nuestros clientes, satisfaci\u00e9ndolos mediante la excelencia t\u00e9cnica, proponiendo soluciones acordes a sus [&hellip;]<\/p>\n","protected":false},"author":1,"featured_media":0,"parent":0,"menu_order":0,"comment_status":"closed","ping_status":"closed","template":"elementor_header_footer","meta":{"footnotes":""},"class_list":["post-30","page","type-page","status-publish","hentry"],"_links":{"self":[{"href":"https:\/\/ingenieriaruta5.cl\/index.php\/wp-json\/wp\/v2\/pages\/30","targetHints":{"allow":["GET"]}}],"collection":[{"href":"https:\/\/ingenieriaruta5.cl\/index.php\/wp-json\/wp\/v2\/pages"}],"about":[{"href":"https:\/\/ingenieriaruta5.cl\/index.php\/wp-json\/wp\/v2\/types\/page"}],"author":[{"embeddable":true,"href":"https:\/\/ingenieriaruta5.cl\/index.php\/wp-json\/wp\/v2\/users\/1"}],"replies":[{"embeddable":true,"href":"https:\/\/ingenieriaruta5.cl\/index.php\/wp-json\/wp\/v2\/comments?post=30"}],"version-history":[{"count":7,"href":"https:\/\/ingenieriaruta5.cl\/index.php\/wp-json\/wp\/v2\/pages\/30\/revisions"}],"predecessor-version":[{"id":77,"href":"https:\/\/ingenieriaruta5.cl\/index.php\/wp-json\/wp\/v2\/pages\/30\/revisions\/77"}],"wp:attachment":[{"href":"https:\/\/ingenieriaruta5.cl\/index.php\/wp-json\/wp\/v2\/media?parent=30"}],"curies":[{"name":"wp","href":"https:\/\/api.w.org\/{rel}","templated":true}]}}